{"id":129,"date":"2024-09-09T11:12:59","date_gmt":"2024-09-09T11:12:59","guid":{"rendered":"https:\/\/www.romeluggagestorage.it\/?page_id=129"},"modified":"2025-07-04T12:44:10","modified_gmt":"2025-07-04T12:44:10","slug":"roma-deposito-bagagli-guida","status":"publish","type":"page","link":"https:\/\/www.romeluggagestorage.it\/pt\/roma-deposito-bagagli-guida\/","title":{"rendered":"Deposito Bagagli Roma: Guida"},"content":{"rendered":"<p>Mentre esplori le antiche rovine di Roma, le magnifiche chiese e le pittoresche piazze, l&#8217;ultima cosa che desideri \u00e8 essere appesantito da bagagli pesanti. Che tu sia un viaggiatore di un giorno, un turista con un orario di check-out scomodo, o semplicemente alla ricerca di alleggerire il carico durante le visite turistiche, trovare un posto sicuro dove depositare i tuoi bagagli \u00e8 essenziale per sfruttare al massimo la tua vacanza romana. Questa guida completa esplorer\u00e0 le diverse opzioni di deposito bagagli a Roma, assicurandoti di poter navigare per le strade di ciottoli della citt\u00e0 e i suoi monumenti iconici con facilit\u00e0 e tranquillit\u00e0.<\/p>\n\n\n\n<p>Trova un deposito bagagli a Roma vicino a te e prenota in pochi secondi!<\/p>\n\n\n<div class=\"wp-block-image\">\n<figure class=\"aligncenter size-full is-resized\"><img loading=\"lazy\" decoding=\"async\" width=\"790\" height=\"170\" src=\"https:\/\/www.romeluggagestorage.it\/wp-content\/uploads\/2024\/09\/Radical-Storage-alpha.png\" alt=\"\" class=\"wp-image-123\" style=\"width:418px;height:auto\" srcset=\"https:\/\/www.romeluggagestorage.it\/wp-content\/uploads\/2024\/09\/Radical-Storage-alpha.png 790w, https:\/\/www.romeluggagestorage.it\/wp-content\/uploads\/2024\/09\/Radical-Storage-alpha-300x65.png 300w, https:\/\/www.romeluggagestorage.it\/wp-content\/uploads\/2024\/09\/Radical-Storage-alpha-768x165.png 768w\" sizes=\"auto, (max-width: 790px) 100vw, 790px\" \/><\/figure>\n<\/div>\n\n\n<div class=\"wp-block-buttons is-content-justification-center is-layout-flex wp-container-core-buttons-is-layout-16018d1d wp-block-buttons-is-layout-flex\">\n<div class=\"wp-block-button\"><a class=\"wp-block-button__link wp-element-button\" href=\"https:\/\/radicalstorage.com\/it\/deposito-bagagli\/roma?utm_source=microblogs&amp;utm_medium=https%3A%2F%2Fwww.romeluggagestorage.it%2Fit%2F&amp;utm_campaign=roma\">PRENOTA ORA<\/a><\/div>\n<\/div>\n\n\n\n<h2 class=\"wp-block-heading\">Roma offre un servizio di deposito bagagli?<\/h2>\n\n\n\n<p>S\u00ec, Roma offre una variet\u00e0 di opzioni di deposito bagagli per soddisfare le esigenze dei suoi numerosi visitatori. Queste opzioni variano dai tradizionali depositi bagagli nelle stazioni ferroviarie a reti di deposito innovative sparse per la citt\u00e0. Le principali opzioni includono:<\/p>\n\n\n\n<p>Armadi: Alcune stazioni ferroviarie e attrazioni turistiche a Roma offrono armadietti self-service. Questi sono adatti per il deposito a breve termine e sono disponibili in diverse dimensioni per ospitare vari tipi di bagagli.<\/p>\n\n\n\n<p>Deposito bagagli tradizionale nelle stazioni ferroviarie: Le principali stazioni ferroviarie di Roma, come Roma Termini, offrono servizi di deposito bagagli. Questi servizi sono gestiti dalla compagnia ferroviaria e offrono un&#8217;opzione sicura per depositare i bagagli, sebbene spesso a un costo pi\u00f9 elevato rispetto ad altre alternative.<\/p>\n\n\n\n<p>Reti di deposito bagagli: Negli ultimi anni, Roma ha visto l&#8217;ascesa di app di deposito bagagli intelligenti che collegano i viaggiatori con aziende locali che offrono servizi di deposito. Queste reti offrono un&#8217;opzione conveniente e spesso pi\u00f9 economica per depositare i bagagli in tutta la citt\u00e0.<\/p>\n\n\n\n<h2 class=\"wp-block-heading\">Dove posso lasciare i miei bagagli a Roma?<\/h2>\n\n\n\n<p>Quando si tratta di lasciare i bagagli a Roma, le migliori opzioni sono le app di deposito bagagli intelligenti che vantano ampie reti di attivit\u00e0 locali che offrono servizi di deposito. Questi servizi hanno rivoluzionato il modo in cui i viaggiatori gestiscono i loro effetti personali, offrendo numerosi vantaggi rispetto ai metodi di deposito tradizionali:<\/p>\n\n\n\n<p>Con luoghi di deposito sparsi per la citt\u00e0, puoi trovare un punto conveniente per depositare i tuoi bagagli vicino alle principali attrazioni, ai nodi di trasporto o alla tua sistemazione.<\/p>\n\n\n\n<h2 class=\"wp-block-heading\">Armadi vs app di deposito bagagli<\/h2>\n\n\n\n<p>Mentre gli armadi sono stati a lungo un&#8217;opzione preferita per i viaggiatori, le app di deposito bagagli offrono diversi vantaggi che le rendono una scelta pi\u00f9 attraente per molti visitatori a Roma:<\/p>\n\n\n\n<p>Armadi:<\/p>\n\n\n\n<ul class=\"wp-block-list\">\n<li>Pro: Self-service, disponibili 24\/7 in alcune localit\u00e0<\/li>\n\n\n\n<li>Contro: Disponibilit\u00e0 limitata, dimensioni fisse, possono essere costosi per oggetti pi\u00f9 grandi, potrebbero non essere adatti per bagagli di forma insolita<\/li>\n<\/ul>\n\n\n\n<p>App di deposito bagagli:<\/p>\n\n\n\n<ul class=\"wp-block-list\">\n<li>Pro: Ampia disponibilit\u00e0, opzioni di deposito flessibili, prezzi competitivi, misure di sicurezza aggiuntive, facilit\u00e0 di prenotazione, potenziale per interazione locale<\/li>\n\n\n\n<li>Contro: Potrebbe essere necessaria la prenotazione anticipata durante le stagioni di punta<\/li>\n<\/ul>\n\n\n\n<p>Per la maggior parte dei viaggiatori, la comodit\u00e0, la flessibilit\u00e0 e la convenienza delle app di deposito bagagli le rendono la scelta superiore quando si esplora Roma.<\/p>\n\n\n\n<h2 class=\"wp-block-heading\">Perch\u00e9 dovresti depositare i tuoi bagagli a Roma con Radical Storage?<\/h2>\n\n\n\n<p>Radical Storage si distingue come una soluzione di deposito bagagli di prima classe a Roma, offrendo ai viaggiatori un modo senza intoppi e sicuro per esplorare la citt\u00e0 a mani libere. Ecco perch\u00e9 Radical Storage \u00e8 un&#8217;ottima scelta per le tue esigenze di deposito bagagli nella Citt\u00e0 Eterna:<\/p>\n\n\n\n<ol class=\"wp-block-list\">\n<li>Rete estesa: Con numerose sedi di deposito in tutta Roma, Radical Storage offre una comodit\u00e0 e un&#8217;accessibilit\u00e0 impareggiabili. Puoi trovare un punto di deposito vicino alle principali attrazioni, ai nodi di trasporto e ai quartieri popolari.<\/li>\n\n\n\n<li>Prezzi convenienti: Radical Storage offre una tariffa flat competitiva di \u20ac5 per bagaglio al giorno, indipendentemente dalle dimensioni o dal peso. Questo modello di prezzo trasparente rende facile pianificare il tuo deposito bagagli senza sorprese.<\/li>\n\n\n\n<li>Garanzia di sicurezza: Ogni oggetto depositato con Radical Storage \u00e8 coperto da una garanzia di \u20ac3000, offrendo tranquillit\u00e0 mentre esplori i tesori di Roma.<\/li>\n\n\n\n<li>Partner selezionati: Tutti i punti di deposito sono aziende locali accuratamente selezionate e verificate, garantendo un elevato standard di servizio e sicurezza.<\/li>\n\n\n\n<li>Prenotazione user-friendly: Il sito web e l&#8217;app mobile facili da usare permettono prenotazioni rapide e processi di check-in e check-out senza problemi.<\/li>\n\n\n\n<li>Flessibilit\u00e0: Molte sedi di Radical Storage offrono orari estesi, con alcune che forniscono un servizio 24\/7 per adattarsi a diversi orari di viaggio.<\/li>\n\n\n\n<li>Informazioni locali: Depositare i tuoi bagagli con aziende locali ti d\u00e0 l&#8217;opportunit\u00e0 di interagire con i romani e potenzialmente ottenere preziosi consigli interni sulla zona.<\/li>\n\n\n\n<li>Supporto multilingue: Radical Storage offre supporto clienti in pi\u00f9 lingue, garantendo una comunicazione chiara per i viaggiatori internazionali.<\/li>\n<\/ol>\n\n\n\n<p>Scegliendo Radical Storage, non stai solo trovando un posto dove lasciare i tuoi bagagli; stai migliorando la tua esperienza romana con un servizio che d\u00e0 priorit\u00e0 alla comodit\u00e0, alla sicurezza e alla connessione locale.<\/p>\n\n\n\n<h2 class=\"wp-block-heading\">Dove posso depositare i bagagli nelle principali stazioni ferroviarie di Roma?<\/h2>\n\n\n\n<p>Le stazioni ferroviarie di Roma sono nodi di trasporto chiave, e trovare un deposito bagagli conveniente nelle vicinanze pu\u00f2 migliorare notevolmente la tua esperienza di viaggio. Ecco le principali stazioni e le loro opzioni di deposito:<\/p>\n\n\n\n<p>Roma Termini:<\/p>\n\n\n\n<p>Essendo la stazione ferroviaria centrale e pi\u00f9 grande di Roma, Termini offre diverse opzioni di deposito bagagli. La stazione dispone di un deposito bagagli tradizionale gestito da KiPoint, situato al piano terra vicino al Binario 24, ma le tariffe sono piuttosto alte e la disponibilit\u00e0 \u00e8 limitata. Inoltre, ci sono diversi partner di Radical Storage a pochi passi dalla stazione, che offrono opzioni pi\u00f9 flessibili e spesso pi\u00f9 convenienti.<\/p>\n\n\n\n<p>Roma Tiburtina:<\/p>\n\n\n\n<p>La seconda stazione pi\u00f9 grande di Roma offre anche soluzioni di deposito bagagli. Sebbene non disponga di una struttura di deposito interna come Termini, ci sono partner di Radical Storage nelle vicinanze, che ti permettono di depositare i bagagli in sicurezza prima di esplorare la zona o prendere il treno.<\/p>\n\n\n\n<p>Roma Ostiense:<\/p>\n\n\n\n<p>Questa importante stazione, che serve le linee per l&#8217;Aeroporto di Fiumicino e Ostia Antica, non dispone di un ufficio di deposito bagagli ufficiale. Tuttavia, Radical Storage ha collaborato con aziende locali vicino alla stazione per fornire comode opzioni di deposito bagagli per i viaggiatori.<\/p>\n\n\n\n<p>Per tutte queste stazioni, utilizzare un servizio come Radical Storage offre il vantaggio di prenotare in anticipo, garantendo la disponibilit\u00e0 e spesso offrendo tariffe pi\u00f9 competitive rispetto agli armadietti o ai depositi bagagli tradizionali delle stazioni.<\/p>\n\n\n<div class=\"wp-block-image\">\n<figure class=\"aligncenter size-full is-resized\"><img loading=\"lazy\" decoding=\"async\" width=\"360\" height=\"350\" src=\"https:\/\/www.romeluggagestorage.it\/wp-content\/uploads\/2024\/09\/radical-storage-app-3.png\" alt=\"\" class=\"wp-image-122\" style=\"width:215px;height:auto\" srcset=\"https:\/\/www.romeluggagestorage.it\/wp-content\/uploads\/2024\/09\/radical-storage-app-3.png 360w, https:\/\/www.romeluggagestorage.it\/wp-content\/uploads\/2024\/09\/radical-storage-app-3-300x292.png 300w\" sizes=\"auto, (max-width: 360px) 100vw, 360px\" \/><\/figure>\n<\/div>\n\n\n<div class=\"wp-block-buttons is-content-justification-center is-layout-flex wp-container-core-buttons-is-layout-16018d1d wp-block-buttons-is-layout-flex\">\n<div class=\"wp-block-button\"><a class=\"wp-block-button__link wp-element-button\" href=\"https:\/\/radicalstorage.com\/it\/deposito-bagagli\/roma?utm_source=microblogs&amp;utm_medium=https%3A%2F%2Fwww.romeluggagestorage.it%2Fit%2F&amp;utm_campaign=roma\">PRENOTA ORA<\/a><\/div>\n<\/div>\n\n\n\n<h2 class=\"wp-block-heading\">Dove posso depositare i bagagli vicino alle principali attrazioni di Roma?<\/h2>\n\n\n\n<p>Le principali attrazioni di Roma attirano milioni di visitatori ogni anno, e avere un posto dove depositare i bagagli nelle vicinanze pu\u00f2 migliorare notevolmente la tua esperienza di visita. Ecco alcune attrazioni popolari e le opzioni di deposito bagagli nelle vicinanze:<\/p>\n\n\n\n<p>Colosseo:<\/p>\n\n\n\n<p>L&#8217;iconico anfiteatro non offre un deposito in loco, ma ci sono diversi partner di Radical Storage situati a pochi passi. Questo ti permette di esplorare il Colosseo, il Foro Romano e il Palatino senza il peso di bagagli pesanti.<\/p>\n\n\n\n<p>Vaticano:<\/p>\n\n\n\n<p>I Musei Vaticani e la Basilica di San Pietro hanno politiche rigide sui bagagli. Fortunatamente, ci sono diverse sedi di Radical Storage nel vicino quartiere Prati, che ti permettono di depositare i tuoi effetti personali in sicurezza prima della visita.<\/p>\n\n\n\n<p>Trastevere:<\/p>\n\n\n\n<p>Questo affascinante quartiere \u00e8 perfetto per passeggiare, ma meno ideale per trasportare bagagli. Radical Storage offre diverse sedi in e intorno a Trastevere, permettendoti di esplorare le sue strade strette e le piazze animate senza ingombri.<\/p>\n\n\n\n<p>Fontana di Trevi:<\/p>\n\n\n\n<p>L&#8217;area intorno a questa famosa fontana barocca pu\u00f2 diventare molto affollata. I partner di Radical Storage nelle vicinanze offrono un comodo luogo dove lasciare i bagagli mentre lanci una moneta e esprimi un desiderio.<\/p>\n\n\n\n<p>Piazza di Spagna: Un ottimo posto per osservare le persone e accedere al distretto dello shopping di alta gamma.<\/p>\n\n\n\n<p>Piazza Navona: Questa piazza barocca \u00e8 perfetta per godersi la cultura dei caff\u00e8 di Roma.<\/p>\n\n\n\n<p>Galleria Borghese: Ospita una straordinaria collezione d&#8217;arte in una splendida villa.<\/p>\n\n\n\n<p>Trastevere: Esplora questo affascinante quartiere per assaporare la vita romana autentica.<\/p>\n\n\n\n<p>Catacombe: Questi antichi tunnel sotterranei offrono una prospettiva storica unica.<\/p>\n\n\n\n<p>Cripta dei Cappuccini: Una mostra inquietante e stimolante delle ossa dei frati cappuccini.<\/p>\n\n\n\n<p>Ricorda, con Radical Storage, puoi visitare tutte queste attrazioni senza il peso dei bagagli, permettendoti di immergerti completamente nelle meraviglie della Citt\u00e0 Eterna.&#8221;<\/p>","protected":false},"excerpt":{"rendered":"<p>Mentre esplori le antiche rovine di Roma, le magnifiche chiese e le pittoresche piazze, l&#8217;ultima cosa che desideri \u00e8 essere&hellip;<\/p>","protected":false},"author":1,"featured_media":37,"parent":0,"menu_order":0,"comment_status":"closed","ping_status":"closed","template":"","meta":{"footnotes":""},"class_list":["post-129","page","type-page","status-publish","has-post-thumbnail","hentry"],"yoast_head":"<!-- This site is optimized with the Yoast SEO plugin v27.4 - https:\/\/yoast.com\/product\/yoast-seo-wordpress\/ -->\n<title>Deposito Bagagli Roma: Guida<\/title>\n<meta name=\"description\" content=\"Questa guida completa esplora le varie opzioni di deposito bagagli a Roma, assicurandovi di poter navigare in citt\u00e0 con facilit\u00e0.\" \/>\n<meta name=\"robots\" content=\"index, follow, max-snippet:-1, max-image-preview:large, max-video-preview:-1\" \/>\n<link rel=\"canonical\" href=\"https:\/\/www.romeluggagestorage.it\/pt\/roma-deposito-bagagli-guida\/\" \/>\n<meta property=\"og:locale\" content=\"pt_PT\" \/>\n<meta property=\"og:type\" content=\"article\" \/>\n<meta property=\"og:title\" content=\"Deposito Bagagli Roma: Guida\" \/>\n<meta property=\"og:description\" content=\"Questa guida completa esplora le varie opzioni di deposito bagagli a Roma, assicurandovi di poter navigare in citt\u00e0 con facilit\u00e0.\" \/>\n<meta property=\"og:url\" content=\"https:\/\/www.romeluggagestorage.it\/pt\/roma-deposito-bagagli-guida\/\" \/>\n<meta property=\"og:site_name\" content=\"romeluggagestorage.it\" \/>\n<meta property=\"article:modified_time\" content=\"2025-07-04T12:44:10+00:00\" \/>\n<meta property=\"og:image\" content=\"https:\/\/www.romeluggagestorage.it\/wp-content\/uploads\/2024\/06\/rome.jpg\" \/>\n\t<meta property=\"og:image:width\" content=\"1920\" \/>\n\t<meta property=\"og:image:height\" content=\"1296\" \/>\n\t<meta property=\"og:image:type\" content=\"image\/jpeg\" \/>\n<meta name=\"twitter:card\" content=\"summary_large_image\" \/>\n<meta name=\"twitter:label1\" content=\"Tempo estimado de leitura\" \/>\n\t<meta name=\"twitter:data1\" content=\"7 minutos\" \/>\n<script type=\"application\/ld+json\" class=\"yoast-schema-graph\">{\"@context\":\"https:\\\/\\\/schema.org\",\"@graph\":[{\"@type\":\"WebPage\",\"@id\":\"https:\\\/\\\/www.romeluggagestorage.it\\\/roma-deposito-bagagli-guida\\\/\",\"url\":\"https:\\\/\\\/www.romeluggagestorage.it\\\/roma-deposito-bagagli-guida\\\/\",\"name\":\"Deposito Bagagli Roma: Guida\",\"isPartOf\":{\"@id\":\"https:\\\/\\\/www.romeluggagestorage.it\\\/#website\"},\"primaryImageOfPage\":{\"@id\":\"https:\\\/\\\/www.romeluggagestorage.it\\\/roma-deposito-bagagli-guida\\\/#primaryimage\"},\"image\":{\"@id\":\"https:\\\/\\\/www.romeluggagestorage.it\\\/roma-deposito-bagagli-guida\\\/#primaryimage\"},\"thumbnailUrl\":\"https:\\\/\\\/www.romeluggagestorage.it\\\/wp-content\\\/uploads\\\/2024\\\/06\\\/rome.jpg\",\"datePublished\":\"2024-09-09T11:12:59+00:00\",\"dateModified\":\"2025-07-04T12:44:10+00:00\",\"description\":\"Questa guida completa esplora le varie opzioni di deposito bagagli a Roma, assicurandovi di poter navigare in citt\u00e0 con facilit\u00e0.\",\"breadcrumb\":{\"@id\":\"https:\\\/\\\/www.romeluggagestorage.it\\\/roma-deposito-bagagli-guida\\\/#breadcrumb\"},\"inLanguage\":\"pt-PT\",\"potentialAction\":[{\"@type\":\"ReadAction\",\"target\":[\"https:\\\/\\\/www.romeluggagestorage.it\\\/roma-deposito-bagagli-guida\\\/\"]}]},{\"@type\":\"ImageObject\",\"inLanguage\":\"pt-PT\",\"@id\":\"https:\\\/\\\/www.romeluggagestorage.it\\\/roma-deposito-bagagli-guida\\\/#primaryimage\",\"url\":\"https:\\\/\\\/www.romeluggagestorage.it\\\/wp-content\\\/uploads\\\/2024\\\/06\\\/rome.jpg\",\"contentUrl\":\"https:\\\/\\\/www.romeluggagestorage.it\\\/wp-content\\\/uploads\\\/2024\\\/06\\\/rome.jpg\",\"width\":1920,\"height\":1296,\"caption\":\"rome luggage storage\"},{\"@type\":\"BreadcrumbList\",\"@id\":\"https:\\\/\\\/www.romeluggagestorage.it\\\/roma-deposito-bagagli-guida\\\/#breadcrumb\",\"itemListElement\":[{\"@type\":\"ListItem\",\"position\":1,\"name\":\"Home\",\"item\":\"https:\\\/\\\/www.romeluggagestorage.it\\\/\"},{\"@type\":\"ListItem\",\"position\":2,\"name\":\"Deposito Bagagli Roma: Guida\"}]},{\"@type\":\"WebSite\",\"@id\":\"https:\\\/\\\/www.romeluggagestorage.it\\\/#website\",\"url\":\"https:\\\/\\\/www.romeluggagestorage.it\\\/\",\"name\":\"romeluggagestorage.it\",\"description\":\"\",\"publisher\":{\"@id\":\"https:\\\/\\\/www.romeluggagestorage.it\\\/#organization\"},\"potentialAction\":[{\"@type\":\"SearchAction\",\"target\":{\"@type\":\"EntryPoint\",\"urlTemplate\":\"https:\\\/\\\/www.romeluggagestorage.it\\\/?s={search_term_string}\"},\"query-input\":{\"@type\":\"PropertyValueSpecification\",\"valueRequired\":true,\"valueName\":\"search_term_string\"}}],\"inLanguage\":\"pt-PT\"},{\"@type\":\"Organization\",\"@id\":\"https:\\\/\\\/www.romeluggagestorage.it\\\/#organization\",\"name\":\"romeluggagestorage.it\",\"url\":\"https:\\\/\\\/www.romeluggagestorage.it\\\/\",\"logo\":{\"@type\":\"ImageObject\",\"inLanguage\":\"pt-PT\",\"@id\":\"https:\\\/\\\/www.romeluggagestorage.it\\\/#\\\/schema\\\/logo\\\/image\\\/\",\"url\":\"https:\\\/\\\/www.romeluggagestorage.it\\\/wp-content\\\/uploads\\\/2024\\\/06\\\/cropped-rome-logo-2.png\",\"contentUrl\":\"https:\\\/\\\/www.romeluggagestorage.it\\\/wp-content\\\/uploads\\\/2024\\\/06\\\/cropped-rome-logo-2.png\",\"width\":996,\"height\":242,\"caption\":\"romeluggagestorage.it\"},\"image\":{\"@id\":\"https:\\\/\\\/www.romeluggagestorage.it\\\/#\\\/schema\\\/logo\\\/image\\\/\"}}]}<\/script>\n<!-- \/ Yoast SEO plugin. -->","yoast_head_json":{"title":"Deposito Bagagli Roma: Guida","description":"Questa guida completa esplora le varie opzioni di deposito bagagli a Roma, assicurandovi di poter navigare in citt\u00e0 con facilit\u00e0.","robots":{"index":"index","follow":"follow","max-snippet":"max-snippet:-1","max-image-preview":"max-image-preview:large","max-video-preview":"max-video-preview:-1"},"canonical":"https:\/\/www.romeluggagestorage.it\/pt\/roma-deposito-bagagli-guida\/","og_locale":"pt_PT","og_type":"article","og_title":"Deposito Bagagli Roma: Guida","og_description":"Questa guida completa esplora le varie opzioni di deposito bagagli a Roma, assicurandovi di poter navigare in citt\u00e0 con facilit\u00e0.","og_url":"https:\/\/www.romeluggagestorage.it\/pt\/roma-deposito-bagagli-guida\/","og_site_name":"romeluggagestorage.it","article_modified_time":"2025-07-04T12:44:10+00:00","og_image":[{"width":1920,"height":1296,"url":"https:\/\/www.romeluggagestorage.it\/wp-content\/uploads\/2024\/06\/rome.jpg","type":"image\/jpeg"}],"twitter_card":"summary_large_image","twitter_misc":{"Tempo estimado de leitura":"7 minutos"},"schema":{"@context":"https:\/\/schema.org","@graph":[{"@type":"WebPage","@id":"https:\/\/www.romeluggagestorage.it\/roma-deposito-bagagli-guida\/","url":"https:\/\/www.romeluggagestorage.it\/roma-deposito-bagagli-guida\/","name":"Deposito Bagagli Roma: Guida","isPartOf":{"@id":"https:\/\/www.romeluggagestorage.it\/#website"},"primaryImageOfPage":{"@id":"https:\/\/www.romeluggagestorage.it\/roma-deposito-bagagli-guida\/#primaryimage"},"image":{"@id":"https:\/\/www.romeluggagestorage.it\/roma-deposito-bagagli-guida\/#primaryimage"},"thumbnailUrl":"https:\/\/www.romeluggagestorage.it\/wp-content\/uploads\/2024\/06\/rome.jpg","datePublished":"2024-09-09T11:12:59+00:00","dateModified":"2025-07-04T12:44:10+00:00","description":"Questa guida completa esplora le varie opzioni di deposito bagagli a Roma, assicurandovi di poter navigare in citt\u00e0 con facilit\u00e0.","breadcrumb":{"@id":"https:\/\/www.romeluggagestorage.it\/roma-deposito-bagagli-guida\/#breadcrumb"},"inLanguage":"pt-PT","potentialAction":[{"@type":"ReadAction","target":["https:\/\/www.romeluggagestorage.it\/roma-deposito-bagagli-guida\/"]}]},{"@type":"ImageObject","inLanguage":"pt-PT","@id":"https:\/\/www.romeluggagestorage.it\/roma-deposito-bagagli-guida\/#primaryimage","url":"https:\/\/www.romeluggagestorage.it\/wp-content\/uploads\/2024\/06\/rome.jpg","contentUrl":"https:\/\/www.romeluggagestorage.it\/wp-content\/uploads\/2024\/06\/rome.jpg","width":1920,"height":1296,"caption":"rome luggage storage"},{"@type":"BreadcrumbList","@id":"https:\/\/www.romeluggagestorage.it\/roma-deposito-bagagli-guida\/#breadcrumb","itemListElement":[{"@type":"ListItem","position":1,"name":"Home","item":"https:\/\/www.romeluggagestorage.it\/"},{"@type":"ListItem","position":2,"name":"Deposito Bagagli Roma: Guida"}]},{"@type":"WebSite","@id":"https:\/\/www.romeluggagestorage.it\/#website","url":"https:\/\/www.romeluggagestorage.it\/","name":"romeluggagestorage.it","description":"","publisher":{"@id":"https:\/\/www.romeluggagestorage.it\/#organization"},"potentialAction":[{"@type":"SearchAction","target":{"@type":"EntryPoint","urlTemplate":"https:\/\/www.romeluggagestorage.it\/?s={search_term_string}"},"query-input":{"@type":"PropertyValueSpecification","valueRequired":true,"valueName":"search_term_string"}}],"inLanguage":"pt-PT"},{"@type":"Organization","@id":"https:\/\/www.romeluggagestorage.it\/#organization","name":"romeluggagestorage.it","url":"https:\/\/www.romeluggagestorage.it\/","logo":{"@type":"ImageObject","inLanguage":"pt-PT","@id":"https:\/\/www.romeluggagestorage.it\/#\/schema\/logo\/image\/","url":"https:\/\/www.romeluggagestorage.it\/wp-content\/uploads\/2024\/06\/cropped-rome-logo-2.png","contentUrl":"https:\/\/www.romeluggagestorage.it\/wp-content\/uploads\/2024\/06\/cropped-rome-logo-2.png","width":996,"height":242,"caption":"romeluggagestorage.it"},"image":{"@id":"https:\/\/www.romeluggagestorage.it\/#\/schema\/logo\/image\/"}}]}},"_links":{"self":[{"href":"https:\/\/www.romeluggagestorage.it\/pt\/wp-json\/wp\/v2\/pages\/129","targetHints":{"allow":["GET"]}}],"collection":[{"href":"https:\/\/www.romeluggagestorage.it\/pt\/wp-json\/wp\/v2\/pages"}],"about":[{"href":"https:\/\/www.romeluggagestorage.it\/pt\/wp-json\/wp\/v2\/types\/page"}],"author":[{"embeddable":true,"href":"https:\/\/www.romeluggagestorage.it\/pt\/wp-json\/wp\/v2\/users\/1"}],"replies":[{"embeddable":true,"href":"https:\/\/www.romeluggagestorage.it\/pt\/wp-json\/wp\/v2\/comments?post=129"}],"version-history":[{"count":0,"href":"https:\/\/www.romeluggagestorage.it\/pt\/wp-json\/wp\/v2\/pages\/129\/revisions"}],"wp:featuredmedia":[{"embeddable":true,"href":"https:\/\/www.romeluggagestorage.it\/pt\/wp-json\/wp\/v2\/media\/37"}],"wp:attachment":[{"href":"https:\/\/www.romeluggagestorage.it\/pt\/wp-json\/wp\/v2\/media?parent=129"}],"curies":[{"name":"wp","href":"https:\/\/api.w.org\/{rel}","templated":true}]}}